{"id":275,"date":"2019-08-10T16:03:41","date_gmt":"2019-08-10T13:03:41","guid":{"rendered":"https:\/\/fedsigorta.com\/?page_id=275"},"modified":"2022-08-03T17:20:39","modified_gmt":"2022-08-03T14:20:39","slug":"hakkimizda","status":"publish","type":"page","link":"https:\/\/www.fedsigorta.com.tr\/?page_id=275","title":{"rendered":"Hakk\u0131m\u0131zda"},"content":{"rendered":"\t\t<div data-elementor-type=\"wp-page\" data-elementor-id=\"275\" class=\"elementor elementor-275\">\n\t\t\t\t\t\t<section class=\"elementor-section elementor-top-section elementor-element elementor-element-770bbed9 elementor-section-boxed elementor-section-height-default elementor-section-height-default\" data-id=\"770bbed9\" data-element_type=\"section\" data-e-type=\"section\">\n\t\t\t\t\t\t<div class=\"elementor-container elementor-column-gap-default\">\n\t\t\t\t\t<div class=\"elementor-column elementor-col-100 elementor-top-column elementor-element elementor-element-45f924be\" data-id=\"45f924be\" data-element_type=\"column\" data-e-type=\"column\">\n\t\t\t<div class=\"elementor-widget-wrap elementor-element-populated\">\n\t\t\t\t\t\t<div class=\"elementor-element elementor-element-048083e elementor-widget elementor-widget-button\" data-id=\"048083e\" data-element_type=\"widget\" data-e-type=\"widget\" data-widget_type=\"button.default\">\n\t\t\t\t<div class=\"elementor-widget-container\">\n\t\t\t\t\t\t\t\t\t<div class=\"elementor-button-wrapper\">\n\t\t\t\t\t<a class=\"elementor-button elementor-button-link elementor-size-sm\" href=\"https:\/\/www.fedsigorta.com.tr\/\">\n\t\t\t\t\t\t<span class=\"elementor-button-content-wrapper\">\n\t\t\t\t\t\t\t\t\t<span class=\"elementor-button-text\">Ana Sayfa<\/span>\n\t\t\t\t\t<\/span>\n\t\t\t\t\t<\/a>\n\t\t\t\t<\/div>\n\t\t\t\t\t\t\t\t<\/div>\n\t\t\t\t<\/div>\n\t\t\t\t<div class=\"elementor-element elementor-element-72da3631 elementor-widget elementor-widget-text-editor\" data-id=\"72da3631\" data-element_type=\"widget\" data-e-type=\"widget\" data-widget_type=\"text-editor.default\">\n\t\t\t\t<div class=\"elementor-widget-container\">\n\t\t\t\t\t\t\t\t\t<p><\/p>\n<h3><b>\u2022\u00d6zlem \u0130NC\u0130RC\u0130&nbsp;<br><\/b><\/h3>\n<p><b>2005 y\u0131l\u0131nda Bireysel Emeklilik ve Hayat Sigortas\u0131 sekt\u00f6r\u00fcn\u00fcn \u00f6nc\u00fc firmas\u0131 olan AgeSA Emeklilik ve Hayat A\u015e de ba\u015flayan i\u015f hayat\u0131, \u015firket b\u00fcnyesindeki y\u00f6neticilik kariyerinden sonra, 2015 y\u0131l\u0131nda AvivaSA Emeklilik ve Hayat Acentesi FED Sigortay\u0131 kurarak devam etmektedir. 2019 y\u0131l\u0131nda FED Sigorta b<span style=\"color: var( --e-global-color-text ); font-family: var( --e-global-typography-text-font-family ), Sans-serif; font-size: 1rem;\">\u00fcnyesine Allianz A\u015e ile sa\u011fl\u0131k sigortas\u0131 bran\u015f\u0131n\u0131 da ekleyerek farkl\u0131 sigorta kollar\u0131nda hizmet vermektedir.<\/span><\/b><\/p>\n<p><\/p>\n<p><\/p>\n<p><\/p>\n<p><\/p>\n<p><\/p>\n<p><\/p>\n<p><\/p>\t\t\t\t\t\t\t\t<\/div>\n\t\t\t\t<\/div>\n\t\t\t\t\t<\/div>\n\t\t<\/div>\n\t\t\t\t\t<\/div>\n\t\t<\/section>\n\t\t\t\t<section class=\"elementor-section elementor-top-section elementor-element elementor-element-05cc015 elementor-section-boxed elementor-section-height-default elementor-section-height-default\" data-id=\"05cc015\" data-element_type=\"section\" data-e-type=\"section\">\n\t\t\t\t\t\t<div class=\"elementor-container elementor-column-gap-default\">\n\t\t\t\t\t<div class=\"elementor-column elementor-col-33 elementor-top-column elementor-element elementor-element-0877b07\" data-id=\"0877b07\" data-element_type=\"column\" data-e-type=\"column\">\n\t\t\t<div class=\"elementor-widget-wrap elementor-element-populated\">\n\t\t\t\t\t\t<div class=\"elementor-element elementor-element-f36240d elementor-widget elementor-widget-image\" data-id=\"f36240d\" data-element_type=\"widget\" data-e-type=\"widget\" data-widget_type=\"image.default\">\n\t\t\t\t<div class=\"elementor-widget-container\">\n\t\t\t\t\t\t\t\t\t\t\t\t\t\t\t<img fetchpriority=\"high\" decoding=\"async\" width=\"224\" height=\"300\" src=\"https:\/\/www.fedsigorta.com.tr\/wp-content\/uploads\/2022\/08\/20160624_104401-e1659535211376-224x300.jpg\" class=\"attachment-medium size-medium wp-image-1182\" alt=\"\" srcset=\"https:\/\/www.fedsigorta.com.tr\/wp-content\/uploads\/2022\/08\/20160624_104401-e1659535211376-224x300.jpg 224w, https:\/\/www.fedsigorta.com.tr\/wp-content\/uploads\/2022\/08\/20160624_104401-e1659535211376.jpg 491w\" sizes=\"100vw\" \/>\t\t\t\t\t\t\t\t\t\t\t\t\t\t\t<\/div>\n\t\t\t\t<\/div>\n\t\t\t\t\t<\/div>\n\t\t<\/div>\n\t\t\t\t<div class=\"elementor-column elementor-col-66 elementor-top-column elementor-element elementor-element-dc3c97a\" data-id=\"dc3c97a\" data-element_type=\"column\" data-e-type=\"column\">\n\t\t\t<div class=\"elementor-widget-wrap elementor-element-populated\">\n\t\t\t\t\t\t<div class=\"elementor-element elementor-element-b77eeb9 elementor-widget elementor-widget-text-editor\" data-id=\"b77eeb9\" data-element_type=\"widget\" data-e-type=\"widget\" data-widget_type=\"text-editor.default\">\n\t\t\t\t<div class=\"elementor-widget-container\">\n\t\t\t\t\t\t\t\t\t<h1><span style=\"font-weight: bold;\">\u2022<\/span><b><span style=\"color: var( --e-global-color-text ); font-family: var( --e-global-typography-text-font-family ), Sans-serif; font-size: 1rem;\">Murat KO<\/span><span style=\"color: var( --e-global-color-text ); font-family: var( --e-global-typography-text-font-family ), Sans-serif; font-size: 1rem;\">MUT\u00a0 (2000-2005\u00a0 Mu\u011fla \u00dcniversitesi \u2013 \u0130KT\u0130SAT FAK\u00dcLTES\u0130)<br \/><\/span><\/b><b><span style=\"color: var( --e-global-color-text ); font-family: var( --e-global-typography-text-font-family ), Sans-serif; font-size: 1rem;\">2007 y\u0131l<\/span><span style=\"color: var( --e-global-color-text ); font-family: var( --e-global-typography-text-font-family ), Sans-serif; font-size: 1rem;\">\u0131nda Bi<\/span><span style=\"color: var( --e-global-color-text ); font-family: var( --e-global-typography-text-font-family ), Sans-serif; font-size: 1rem;\">reysel Emeklilik ve Hayat Sigortas\u0131 sekt\u00f6r\u00fcn\u00fcn \u00f6nc\u00fc firmas\u0131 olan AGESA Emeklilik ve Hayat A\u015e de ba\u015flayan i\u015f hayat\u0131, \u015firket b\u00fcnyesinde Finansal Dan\u0131\u015fmanl\u0131k kariyerinden sonra, 2015 y\u0131l\u0131nda AGESA Emeklilik ve Hayat Acentesi FED Sigortay\u0131 kurarak devam etmektedir. 2019 y\u0131l\u0131nda FED Sigorta b\u00fcnyesine Allianz A\u015e ile sa<\/span><span style=\"color: var( --e-global-color-text ); font-family: var( --e-global-typography-text-font-family ), Sans-serif; font-size: 1rem;\">\u011fl\u0131k sigortas\u0131 bran\u015f\u0131n\u0131 da ekleyerek farkl\u0131 sigorta kollar\u0131nda hizmet vermektedir.<\/span><\/b><\/h1>\t\t\t\t\t\t\t\t<\/div>\n\t\t\t\t<\/div>\n\t\t\t\t\t<\/div>\n\t\t<\/div>\n\t\t\t\t\t<\/div>\n\t\t<\/section>\n\t\t\t\t<section class=\"elementor-section elementor-top-section elementor-element elementor-element-66cbf04 elementor-section-boxed elementor-section-height-default elementor-section-height-default\" data-id=\"66cbf04\" data-element_type=\"section\" data-e-type=\"section\">\n\t\t\t\t\t\t<div class=\"elementor-container elementor-column-gap-default\">\n\t\t\t\t\t<div class=\"elementor-column elementor-col-100 elementor-top-column elementor-element elementor-element-084dc78\" data-id=\"084dc78\" data-element_type=\"column\" data-e-type=\"column\">\n\t\t\t<div class=\"elementor-widget-wrap elementor-element-populated\">\n\t\t\t\t\t\t<div class=\"elementor-element elementor-element-3edd877 elementor-widget elementor-widget-button\" data-id=\"3edd877\" data-element_type=\"widget\" data-e-type=\"widget\" data-widget_type=\"button.default\">\n\t\t\t\t<div class=\"elementor-widget-container\">\n\t\t\t\t\t\t\t\t\t<div class=\"elementor-button-wrapper\">\n\t\t\t\t\t<a class=\"elementor-button elementor-button-link elementor-size-sm\" href=\"https:\/\/www.fedsigorta.com.tr\/?page_id=8\">\n\t\t\t\t\t\t<span class=\"elementor-button-content-wrapper\">\n\t\t\t\t\t\t\t\t\t<span class=\"elementor-button-text\">Finansal Dan\u0131\u015fmal\u0131k Hizmeti \u0130\u00e7in \u0130leti\u015fime Ge\u00e7in<\/span>\n\t\t\t\t\t<\/span>\n\t\t\t\t\t<\/a>\n\t\t\t\t<\/div>\n\t\t\t\t\t\t\t\t<\/div>\n\t\t\t\t<\/div>\n\t\t\t\t\t<\/div>\n\t\t<\/div>\n\t\t\t\t\t<\/div>\n\t\t<\/section>\n\t\t\t\t<\/div>\n\t\t","protected":false},"excerpt":{"rendered":"<p>Ana Sayfa \u2022\u00d6zlem \u0130NC\u0130RC\u0130&nbsp; 2005 y\u0131l\u0131nda Bireysel Emeklilik ve Hayat Sigortas\u0131 sekt\u00f6r\u00fcn\u00fcn \u00f6nc\u00fc firmas\u0131 olan AgeSA Emeklilik ve Hayat A\u015e de ba\u015flayan i\u015f hayat\u0131, \u015firket b\u00fcnyesindeki y\u00f6neticilik kariyerinden sonra, 2015 y\u0131l\u0131nda AvivaSA Emeklilik ve Hayat Acentesi FED Sigortay\u0131 kurarak devam etmektedir. 2019 y\u0131l\u0131nda FED Sigorta b\u00fcnyesine Allianz A\u015e ile sa\u011fl\u0131k sigortas\u0131 bran\u015f\u0131n\u0131 da ekleyerek farkl\u0131 &hellip; <\/p>\n<p class=\"link-more\"><a href=\"https:\/\/www.fedsigorta.com.tr\/?page_id=275\" class=\"more-link\">Okumaya devam et<span class=\"screen-reader-text\"> &#8220;Hakk\u0131m\u0131zda&#8221;<\/span><\/a><\/p>\n","protected":false},"author":1,"featured_media":0,"parent":0,"menu_order":0,"comment_status":"closed","ping_status":"closed","template":"elementor_canvas","meta":{"footnotes":""},"class_list":["post-275","page","type-page","status-publish","hentry"],"_links":{"self":[{"href":"https:\/\/www.fedsigorta.com.tr\/index.php?rest_route=\/wp\/v2\/pages\/275","targetHints":{"allow":["GET"]}}],"collection":[{"href":"https:\/\/www.fedsigorta.com.tr\/index.php?rest_route=\/wp\/v2\/pages"}],"about":[{"href":"https:\/\/www.fedsigorta.com.tr\/index.php?rest_route=\/wp\/v2\/types\/page"}],"author":[{"embeddable":true,"href":"https:\/\/www.fedsigorta.com.tr\/index.php?rest_route=\/wp\/v2\/users\/1"}],"replies":[{"embeddable":true,"href":"https:\/\/www.fedsigorta.com.tr\/index.php?rest_route=%2Fwp%2Fv2%2Fcomments&post=275"}],"version-history":[{"count":22,"href":"https:\/\/www.fedsigorta.com.tr\/index.php?rest_route=\/wp\/v2\/pages\/275\/revisions"}],"predecessor-version":[{"id":1190,"href":"https:\/\/www.fedsigorta.com.tr\/index.php?rest_route=\/wp\/v2\/pages\/275\/revisions\/1190"}],"wp:attachment":[{"href":"https:\/\/www.fedsigorta.com.tr\/index.php?rest_route=%2Fwp%2Fv2%2Fmedia&parent=275"}],"curies":[{"name":"wp","href":"https:\/\/api.w.org\/{rel}","templated":true}]}}