{"id":292,"date":"2019-08-10T16:34:34","date_gmt":"2019-08-10T13:34:34","guid":{"rendered":"https:\/\/fedsigorta.com\/?page_id=292"},"modified":"2022-08-03T10:52:39","modified_gmt":"2022-08-03T07:52:39","slug":"bireysel-emeklilik","status":"publish","type":"page","link":"https:\/\/www.fedsigorta.com.tr\/?page_id=292","title":{"rendered":"Bireysel Emeklilik"},"content":{"rendered":"\t\t<div data-elementor-type=\"wp-page\" data-elementor-id=\"292\" class=\"elementor elementor-292\">\n\t\t\t\t\t\t<section class=\"elementor-section elementor-top-section elementor-element elementor-element-59d24ed4 elementor-section-boxed elementor-section-height-default elementor-section-height-default\" data-id=\"59d24ed4\" data-element_type=\"section\" data-e-type=\"section\">\n\t\t\t\t\t\t<div class=\"elementor-container elementor-column-gap-default\">\n\t\t\t\t\t<div class=\"elementor-column elementor-col-100 elementor-top-column elementor-element elementor-element-2755971c\" data-id=\"2755971c\" data-element_type=\"column\" data-e-type=\"column\">\n\t\t\t<div class=\"elementor-widget-wrap elementor-element-populated\">\n\t\t\t\t\t\t<div class=\"elementor-element elementor-element-76798e4 elementor-widget elementor-widget-button\" data-id=\"76798e4\" data-element_type=\"widget\" data-e-type=\"widget\" data-widget_type=\"button.default\">\n\t\t\t\t<div class=\"elementor-widget-container\">\n\t\t\t\t\t\t\t\t\t<div class=\"elementor-button-wrapper\">\n\t\t\t\t\t<a class=\"elementor-button elementor-button-link elementor-size-sm\" href=\"https:\/\/www.fedsigorta.com.tr\/\">\n\t\t\t\t\t\t<span class=\"elementor-button-content-wrapper\">\n\t\t\t\t\t\t\t\t\t<span class=\"elementor-button-text\">Ana Sayfa<\/span>\n\t\t\t\t\t<\/span>\n\t\t\t\t\t<\/a>\n\t\t\t\t<\/div>\n\t\t\t\t\t\t\t\t<\/div>\n\t\t\t\t<\/div>\n\t\t\t\t<div class=\"elementor-element elementor-element-2d89035 elementor-widget elementor-widget-image\" data-id=\"2d89035\" data-element_type=\"widget\" data-e-type=\"widget\" data-widget_type=\"image.default\">\n\t\t\t\t<div class=\"elementor-widget-container\">\n\t\t\t\t\t\t\t\t\t\t\t\t\t\t\t<img fetchpriority=\"high\" decoding=\"async\" width=\"525\" height=\"314\" src=\"https:\/\/www.fedsigorta.com.tr\/wp-content\/uploads\/2021\/09\/cropped-bes-4-768x460.jpg\" class=\"attachment-medium_large size-medium_large wp-image-578\" alt=\"\" srcset=\"https:\/\/www.fedsigorta.com.tr\/wp-content\/uploads\/2021\/09\/cropped-bes-4-768x460.jpg 768w, https:\/\/www.fedsigorta.com.tr\/wp-content\/uploads\/2021\/09\/cropped-bes-4-300x180.jpg 300w, https:\/\/www.fedsigorta.com.tr\/wp-content\/uploads\/2021\/09\/cropped-bes-4-1024x613.jpg 1024w, https:\/\/www.fedsigorta.com.tr\/wp-content\/uploads\/2021\/09\/cropped-bes-4-1536x920.jpg 1536w, https:\/\/www.fedsigorta.com.tr\/wp-content\/uploads\/2021\/09\/cropped-bes-4.jpg 2000w\" sizes=\"100vw\" \/>\t\t\t\t\t\t\t\t\t\t\t\t\t\t\t<\/div>\n\t\t\t\t<\/div>\n\t\t\t\t<div class=\"elementor-element elementor-element-43188956 elementor-widget elementor-widget-text-editor\" data-id=\"43188956\" data-element_type=\"widget\" data-e-type=\"widget\" data-widget_type=\"text-editor.default\">\n\t\t\t\t<div class=\"elementor-widget-container\">\n\t\t\t\t\t\t\t\t\t<p><\/p>\n<p>\u2022<strong>Hayalinizdeki emeklilik i\u00e7in Bireysel Emeklilik (BES)<\/strong><\/p>\n<p><\/p>\n<p><\/p>\n<p>\u2022<strong>Bireysel Emeklilik Sistemi<\/strong>, bireylerin emeklilik d\u00f6nemlerinde daha rahat ya\u015fayabilmeleri, gelir elde ettikleri d\u00f6nemdeki hayat standartlar\u0131n\u0131 emeklilik d\u00f6nemlerinde de koruyabilmeleri ve ihtiya\u00e7 duyacaklar\u0131 ek harcamalar\u0131n\u0131 rahat\u00e7a kar\u015f\u0131layabilmeleri i\u00e7in mevcut kamu sosyal g\u00fcvenlik sistemlerine tamamlay\u0131c\u0131 olarak olu\u015fturulan bir emeklilik sistemidir.<\/p>\n<p><\/p>\n<p><\/p>\n<p>\u2022<strong>Bireysel Emeklilik Sistemi:<\/strong><\/p>\n<p><\/p>\n<p><\/p>\n<p>\u2022Bireylerin emeklilik d\u00f6nemlerinde, kendi birikimleri oran\u0131nda ek bir gelir sa\u011flamaya y\u00f6nelik,<\/p>\n<p><\/p>\n<p><\/p>\n<p>\u2022Hazine M\u00fcste\u015farl\u0131\u011f\u0131, Sermaye Piyasas\u0131 Kurulu ve Emeklilik G\u00f6zetim Merkezi taraf\u0131ndan g\u00f6zetim ve denetim alt\u0131nda tutulan ve \u00f6zel emeklilik \u015firketleri taraf\u0131ndan faaliyetleri y\u00fcr\u00fct\u00fclen,<\/p>\n<p><\/p>\n<p><\/p>\n<p>\u2022G\u00f6n\u00fcll\u00fc kat\u0131l\u0131ma dayal\u0131, kamu sosyal g\u00fcvenlik sistemlerini tamamlay\u0131c\u0131 bir emeklilik sistemidir.<\/p>\n<p><\/p>\n<p><\/p>\n<p>\u2022<strong>BES, %30 devlet katk\u0131s\u0131 ile art\u0131k daha da avantajl\u0131!<\/strong><\/p>\n<p><\/p>\n<p><\/p>\n<p>\u20221 Ocak 2013&#8217;te ba\u015flayan yeni BES d\u00f6nemiyle birlikte, art\u0131k BES daha avantajl\u0131. \u00c7\u00fcnk\u00fc devlet t\u00fcm bireysel emeklilik kat\u0131l\u0131mc\u0131lar\u0131na, \u00f6dedikleri katk\u0131 pay\u0131n\u0131n %30&#8217;i oran\u0131nda ek katk\u0131 sa\u011fl\u0131yor. \u00d6rne\u011fin, hesab\u0131n\u0131za 200 TL katk\u0131 pay\u0131 yat\u0131rarak 60 TL devlet katk\u0131s\u0131ndan yararlanabilecek ve 260 TL&#8217;lik birikim yapabileceksiniz.<\/p>\n<p><\/p>\n<p><\/p>\n<p>\u2022\u00c7ift\u00e7i, ev han\u0131m\u0131, esnaf, memur, doktor, avukat veya 18 ya\u015f\u0131n alt\u0131nda\u00a0 herkes\u00a0<strong>Bireysel Emeklilik Sistemi<\/strong>&#8216;ne kat\u0131l\u0131p devlet katk\u0131s\u0131ndan yararlanabilecek. E\u015finiz, 18 ya\u015f\u0131n\u0131 doldurmu\u015f \u00e7ocu\u011funuz ve yak\u0131nlar\u0131n\u0131z i\u00e7in s\u00f6zle\u015fme yaparak ailenizdeki herkesin ayr\u0131 ayr\u0131 devlet katk\u0131s\u0131ndan faydalanmas\u0131n\u0131 sa\u011flayabileceksiniz.<\/p>\n<p><\/p>\n<p><\/p>\n<p style=\"text-align: left;\"><strong> Bireysel Emeklilik&#8217;te Devlet Katk\u0131s\u0131<br \/>BES birikimlerinize %30 devlet katk\u0131s\u0131 avantaj\u0131! <\/strong><\/p>\n<p><\/p>\n<p><\/p>\n<p>Devlet Katk\u0131s\u0131, devletin T\u00fcrkiye Cumhuriyeti uyruklu Bireysel Emeklilik<br \/>kat\u0131l\u0131mc\u0131lar\u0131na, bireysel emeklili\u011fin te\u015fvik edilmesi amac\u0131yla yapt\u0131\u011f\u0131 destek \u00f6demesidir.<\/p>\n<p><\/p>\n<p><\/p>\n<p>Devlet katk\u0131s\u0131 uygulamas\u0131 ile d\u00fczenli veya toplu olarak yat\u0131rd\u0131\u011f\u0131n\u0131z t\u00fcm katk\u0131 paylar\u0131n\u0131n %30&#8217;u oran\u0131nda devlet katk\u0131s\u0131 da elde edebilirsiniz.<\/p>\n<p><\/p>\t\t\t\t\t\t\t\t<\/div>\n\t\t\t\t<\/div>\n\t\t\t\t\t<\/div>\n\t\t<\/div>\n\t\t\t\t\t<\/div>\n\t\t<\/section>\n\t\t\t\t<section class=\"elementor-section elementor-top-section elementor-element elementor-element-5e40e2f elementor-section-boxed elementor-section-height-default elementor-section-height-default\" data-id=\"5e40e2f\" data-element_type=\"section\" data-e-type=\"section\">\n\t\t\t\t\t\t<div class=\"elementor-container elementor-column-gap-default\">\n\t\t\t\t\t<div class=\"elementor-column elementor-col-100 elementor-top-column elementor-element elementor-element-adf9d8c\" data-id=\"adf9d8c\" data-element_type=\"column\" data-e-type=\"column\">\n\t\t\t<div class=\"elementor-widget-wrap elementor-element-populated\">\n\t\t\t\t\t\t<div class=\"elementor-element elementor-element-35f2298 elementor-widget elementor-widget-button\" data-id=\"35f2298\" data-element_type=\"widget\" data-e-type=\"widget\" data-widget_type=\"button.default\">\n\t\t\t\t<div class=\"elementor-widget-container\">\n\t\t\t\t\t\t\t\t\t<div class=\"elementor-button-wrapper\">\n\t\t\t\t\t<a class=\"elementor-button elementor-button-link elementor-size-sm\" href=\"https:\/\/www.fedsigorta.com.tr\/?page_id=8\">\n\t\t\t\t\t\t<span class=\"elementor-button-content-wrapper\">\n\t\t\t\t\t\t\t\t\t<span class=\"elementor-button-text\">Finansal Dan\u0131\u015fmal\u0131k Hizmeti i\u00e7in \u0130leti\u015fime Ge\u00e7in<\/span>\n\t\t\t\t\t<\/span>\n\t\t\t\t\t<\/a>\n\t\t\t\t<\/div>\n\t\t\t\t\t\t\t\t<\/div>\n\t\t\t\t<\/div>\n\t\t\t\t\t<\/div>\n\t\t<\/div>\n\t\t\t\t\t<\/div>\n\t\t<\/section>\n\t\t\t\t<\/div>\n\t\t","protected":false},"excerpt":{"rendered":"<p>Ana Sayfa \u2022Hayalinizdeki emeklilik i\u00e7in Bireysel Emeklilik (BES) \u2022Bireysel Emeklilik Sistemi, bireylerin emeklilik d\u00f6nemlerinde daha rahat ya\u015fayabilmeleri, gelir elde ettikleri d\u00f6nemdeki hayat standartlar\u0131n\u0131 emeklilik d\u00f6nemlerinde de koruyabilmeleri ve ihtiya\u00e7 duyacaklar\u0131 ek harcamalar\u0131n\u0131 rahat\u00e7a kar\u015f\u0131layabilmeleri i\u00e7in mevcut kamu sosyal g\u00fcvenlik sistemlerine tamamlay\u0131c\u0131 olarak olu\u015fturulan bir emeklilik sistemidir. \u2022Bireysel Emeklilik Sistemi: \u2022Bireylerin emeklilik d\u00f6nemlerinde, kendi birikimleri oran\u0131nda &hellip; <\/p>\n<p class=\"link-more\"><a href=\"https:\/\/www.fedsigorta.com.tr\/?page_id=292\" class=\"more-link\">Okumaya devam et<span class=\"screen-reader-text\"> &#8220;Bireysel Emeklilik&#8221;<\/span><\/a><\/p>\n","protected":false},"author":1,"featured_media":0,"parent":0,"menu_order":0,"comment_status":"closed","ping_status":"closed","template":"elementor_canvas","meta":{"footnotes":""},"class_list":["post-292","page","type-page","status-publish","hentry"],"_links":{"self":[{"href":"https:\/\/www.fedsigorta.com.tr\/index.php?rest_route=\/wp\/v2\/pages\/292","targetHints":{"allow":["GET"]}}],"collection":[{"href":"https:\/\/www.fedsigorta.com.tr\/index.php?rest_route=\/wp\/v2\/pages"}],"about":[{"href":"https:\/\/www.fedsigorta.com.tr\/index.php?rest_route=\/wp\/v2\/types\/page"}],"author":[{"embeddable":true,"href":"https:\/\/www.fedsigorta.com.tr\/index.php?rest_route=\/wp\/v2\/users\/1"}],"replies":[{"embeddable":true,"href":"https:\/\/www.fedsigorta.com.tr\/index.php?rest_route=%2Fwp%2Fv2%2Fcomments&post=292"}],"version-history":[{"count":23,"href":"https:\/\/www.fedsigorta.com.tr\/index.php?rest_route=\/wp\/v2\/pages\/292\/revisions"}],"predecessor-version":[{"id":1076,"href":"https:\/\/www.fedsigorta.com.tr\/index.php?rest_route=\/wp\/v2\/pages\/292\/revisions\/1076"}],"wp:attachment":[{"href":"https:\/\/www.fedsigorta.com.tr\/index.php?rest_route=%2Fwp%2Fv2%2Fmedia&parent=292"}],"curies":[{"name":"wp","href":"https:\/\/api.w.org\/{rel}","templated":true}]}}