{"id":294,"date":"2019-08-10T16:34:34","date_gmt":"2019-08-10T13:34:34","guid":{"rendered":"https:\/\/fedsigorta.com\/?page_id=294"},"modified":"2022-08-03T11:21:22","modified_gmt":"2022-08-03T08:21:22","slug":"hayat-sigortasi","status":"publish","type":"page","link":"https:\/\/www.fedsigorta.com.tr\/?page_id=294","title":{"rendered":"Hayat Sigortas\u0131"},"content":{"rendered":"\t\t<div data-elementor-type=\"wp-page\" data-elementor-id=\"294\" class=\"elementor elementor-294\">\n\t\t\t\t\t\t<section class=\"elementor-section elementor-top-section elementor-element elementor-element-391402b elementor-section-boxed elementor-section-height-default elementor-section-height-default\" data-id=\"391402b\" data-element_type=\"section\" data-e-type=\"section\">\n\t\t\t\t\t\t<div class=\"elementor-container elementor-column-gap-default\">\n\t\t\t\t\t<div class=\"elementor-column elementor-col-100 elementor-top-column elementor-element elementor-element-8a52d88\" data-id=\"8a52d88\" data-element_type=\"column\" data-e-type=\"column\">\n\t\t\t<div class=\"elementor-widget-wrap elementor-element-populated\">\n\t\t\t\t\t\t<div class=\"elementor-element elementor-element-812ecc6 elementor-widget elementor-widget-button\" data-id=\"812ecc6\" data-element_type=\"widget\" data-e-type=\"widget\" data-widget_type=\"button.default\">\n\t\t\t\t<div class=\"elementor-widget-container\">\n\t\t\t\t\t\t\t\t\t<div class=\"elementor-button-wrapper\">\n\t\t\t\t\t<a class=\"elementor-button elementor-button-link elementor-size-sm\" href=\"https:\/\/www.fedsigorta.com.tr\/\">\n\t\t\t\t\t\t<span class=\"elementor-button-content-wrapper\">\n\t\t\t\t\t\t\t\t\t<span class=\"elementor-button-text\">Ana Sayfa<\/span>\n\t\t\t\t\t<\/span>\n\t\t\t\t\t<\/a>\n\t\t\t\t<\/div>\n\t\t\t\t\t\t\t\t<\/div>\n\t\t\t\t<\/div>\n\t\t\t\t<div class=\"elementor-element elementor-element-788a65b elementor-widget elementor-widget-image\" data-id=\"788a65b\" data-element_type=\"widget\" data-e-type=\"widget\" data-widget_type=\"image.default\">\n\t\t\t\t<div class=\"elementor-widget-container\">\n\t\t\t\t\t\t\t\t\t\t\t\t\t\t\t<img fetchpriority=\"high\" decoding=\"async\" width=\"299\" height=\"169\" src=\"https:\/\/www.fedsigorta.com.tr\/wp-content\/uploads\/2021\/09\/bes2-e1631650757219.jpg\" class=\"attachment-large size-large wp-image-576\" alt=\"\" sizes=\"100vw\" \/>\t\t\t\t\t\t\t\t\t\t\t\t\t\t\t<\/div>\n\t\t\t\t<\/div>\n\t\t\t\t\t<\/div>\n\t\t<\/div>\n\t\t\t\t\t<\/div>\n\t\t<\/section>\n\t\t\t\t<section class=\"elementor-section elementor-top-section elementor-element elementor-element-42ce105 elementor-section-boxed elementor-section-height-default elementor-section-height-default\" data-id=\"42ce105\" data-element_type=\"section\" data-e-type=\"section\">\n\t\t\t\t\t\t<div class=\"elementor-container elementor-column-gap-default\">\n\t\t\t\t\t<div class=\"elementor-column elementor-col-100 elementor-top-column elementor-element elementor-element-6bae5d1\" data-id=\"6bae5d1\" data-element_type=\"column\" data-e-type=\"column\">\n\t\t\t<div class=\"elementor-widget-wrap elementor-element-populated\">\n\t\t\t\t\t\t<div class=\"elementor-element elementor-element-dcd46be elementor-widget elementor-widget-text-editor\" data-id=\"dcd46be\" data-element_type=\"widget\" data-e-type=\"widget\" data-widget_type=\"text-editor.default\">\n\t\t\t\t<div class=\"elementor-widget-container\">\n\t\t\t\t\t\t\t\t\t<p>Beklenmedik durumlar kar\u015f\u0131s\u0131nda yaln\u0131z de\u011filsiniz. Olas\u0131 zorluklarda sizin ve sevdiklerinizin hayat standartlar\u0131n\u0131 korumay\u0131 ama\u00e7layan hayat sigortas\u0131, g\u00fcven dolu bir ya\u015fam i\u00e7in her an yan\u0131n\u0131zda.<\/p><p>Vefat, maluliyet, tehlikeli hastal\u0131k veya i\u015fsizlik gibi \u00fcz\u00fcc\u00fc durumlar da hayata d\u00e2hildir. \u00d6nemli olan, bu durumlar kar\u015f\u0131s\u0131ndaki tutumumuz ve haz\u0131rl\u0131\u011f\u0131m\u0131zd\u0131r. Hayat sigortas\u0131, poli\u00e7eniz s\u00fcresince bu gibi durumlar ya\u015faman\u0131z halinde; size, belirtmi\u015f oldu\u011funuz lehtarlara veya kanuni varislerinize poli\u00e7ede belirtilen teminat tutar\u0131nda bir \u00f6deme yap\u0131lmas\u0131n\u0131 sa\u011flar.<\/p><h2><strong>Neden Hayat Sigortas\u0131 Yapt\u0131rmal\u0131y\u0131m?<\/strong><\/h2><p style=\"font-style: inherit;\">Herhangi bir maluliyet durumunda hayat standartlar\u0131n\u0131z\u0131 ayn\u0131 \u015fekilde devam ettirebilmenizi sa\u011flar.<\/p><p>Vefat durumunda, sevdikleriniz kendilerine \u00f6denecek para ile ya\u015fam standartlar\u0131n\u0131 devam ettirebilir. E\u011fitimini devam ettirmekte olan \u00e7ocuklar\u0131n\u0131z varsa e\u011fitimlerinin yar\u0131m kalmamas\u0131n\u0131 sa\u011flar.<\/p><p style=\"font-style: inherit;\">Poli\u00e7e kapsam\u0131na giren bir kaza sonucunda, y\u00fcksek tutarl\u0131 tedavi giderleriniz d\u00fc\u015f\u00fck primlerle \u00f6denmi\u015f olur.<\/p><p style=\"font-style: inherit;\">Beklenmedik bir anda tehlikeli bir hastal\u0131\u011fa yakalanman\u0131z durumunda size finansal destek sa\u011flar.<\/p><p style=\"font-style: inherit;\">\u00d6denen primlerinizi, %15\u2019e kadar vergi avantaj\u0131yla gelir vergisi matrah\u0131n\u0131zdan d\u00fc\u015febilirsiniz.<\/p><p>\u00a0<\/p>\t\t\t\t\t\t\t\t<\/div>\n\t\t\t\t<\/div>\n\t\t\t\t<div class=\"elementor-element elementor-element-5b93ada elementor-widget elementor-widget-button\" data-id=\"5b93ada\" data-element_type=\"widget\" data-e-type=\"widget\" data-widget_type=\"button.default\">\n\t\t\t\t<div class=\"elementor-widget-container\">\n\t\t\t\t\t\t\t\t\t<div class=\"elementor-button-wrapper\">\n\t\t\t\t\t<a class=\"elementor-button elementor-button-link elementor-size-sm\" href=\"https:\/\/www.fedsigorta.com.tr\/?page_id=8\">\n\t\t\t\t\t\t<span class=\"elementor-button-content-wrapper\">\n\t\t\t\t\t\t\t\t\t<span class=\"elementor-button-text\">Hayat Sigortas\u0131 \u00c7al\u0131\u015fmas\u0131 \u0130\u00e7in \u0130leti\u015fime Ge\u00e7in <\/span>\n\t\t\t\t\t<\/span>\n\t\t\t\t\t<\/a>\n\t\t\t\t<\/div>\n\t\t\t\t\t\t\t\t<\/div>\n\t\t\t\t<\/div>\n\t\t\t\t\t<\/div>\n\t\t<\/div>\n\t\t\t\t\t<\/div>\n\t\t<\/section>\n\t\t\t\t<\/div>\n\t\t","protected":false},"excerpt":{"rendered":"<p>Ana Sayfa Beklenmedik durumlar kar\u015f\u0131s\u0131nda yaln\u0131z de\u011filsiniz. Olas\u0131 zorluklarda sizin ve sevdiklerinizin hayat standartlar\u0131n\u0131 korumay\u0131 ama\u00e7layan hayat sigortas\u0131, g\u00fcven dolu bir ya\u015fam i\u00e7in her an yan\u0131n\u0131zda. Vefat, maluliyet, tehlikeli hastal\u0131k veya i\u015fsizlik gibi \u00fcz\u00fcc\u00fc durumlar da hayata d\u00e2hildir. \u00d6nemli olan, bu durumlar kar\u015f\u0131s\u0131ndaki tutumumuz ve haz\u0131rl\u0131\u011f\u0131m\u0131zd\u0131r. Hayat sigortas\u0131, poli\u00e7eniz s\u00fcresince bu gibi durumlar ya\u015faman\u0131z halinde; &hellip; <\/p>\n<p class=\"link-more\"><a href=\"https:\/\/www.fedsigorta.com.tr\/?page_id=294\" class=\"more-link\">Okumaya devam et<span class=\"screen-reader-text\"> &#8220;Hayat Sigortas\u0131&#8221;<\/span><\/a><\/p>\n","protected":false},"author":1,"featured_media":0,"parent":0,"menu_order":0,"comment_status":"closed","ping_status":"closed","template":"elementor_canvas","meta":{"footnotes":""},"class_list":["post-294","page","type-page","status-publish","hentry"],"_links":{"self":[{"href":"https:\/\/www.fedsigorta.com.tr\/index.php?rest_route=\/wp\/v2\/pages\/294","targetHints":{"allow":["GET"]}}],"collection":[{"href":"https:\/\/www.fedsigorta.com.tr\/index.php?rest_route=\/wp\/v2\/pages"}],"about":[{"href":"https:\/\/www.fedsigorta.com.tr\/index.php?rest_route=\/wp\/v2\/types\/page"}],"author":[{"embeddable":true,"href":"https:\/\/www.fedsigorta.com.tr\/index.php?rest_route=\/wp\/v2\/users\/1"}],"replies":[{"embeddable":true,"href":"https:\/\/www.fedsigorta.com.tr\/index.php?rest_route=%2Fwp%2Fv2%2Fcomments&post=294"}],"version-history":[{"count":23,"href":"https:\/\/www.fedsigorta.com.tr\/index.php?rest_route=\/wp\/v2\/pages\/294\/revisions"}],"predecessor-version":[{"id":1089,"href":"https:\/\/www.fedsigorta.com.tr\/index.php?rest_route=\/wp\/v2\/pages\/294\/revisions\/1089"}],"wp:attachment":[{"href":"https:\/\/www.fedsigorta.com.tr\/index.php?rest_route=%2Fwp%2Fv2%2Fmedia&parent=294"}],"curies":[{"name":"wp","href":"https:\/\/api.w.org\/{rel}","templated":true}]}}