{"id":314,"date":"2019-08-10T16:45:52","date_gmt":"2019-08-10T13:45:52","guid":{"rendered":"https:\/\/fedsigorta.com\/?page_id=314"},"modified":"2022-08-03T14:32:15","modified_gmt":"2022-08-03T11:32:15","slug":"kurumsal","status":"publish","type":"page","link":"https:\/\/www.fedsigorta.com.tr\/?page_id=314","title":{"rendered":"Kurumsal Emeklilik"},"content":{"rendered":"\t\t<div data-elementor-type=\"wp-page\" data-elementor-id=\"314\" class=\"elementor elementor-314\">\n\t\t\t\t\t\t<section class=\"elementor-section elementor-top-section elementor-element elementor-element-58d7c8e elementor-section-full_width elementor-section-height-default elementor-section-height-default\" data-id=\"58d7c8e\" data-element_type=\"section\" data-e-type=\"section\">\n\t\t\t\t\t\t<div class=\"elementor-container elementor-column-gap-default\">\n\t\t\t\t\t<div class=\"elementor-column elementor-col-100 elementor-top-column elementor-element elementor-element-3193f47\" data-id=\"3193f47\" data-element_type=\"column\" data-e-type=\"column\">\n\t\t\t<div class=\"elementor-widget-wrap elementor-element-populated\">\n\t\t\t\t\t\t<div class=\"elementor-element elementor-element-0634426 elementor-widget elementor-widget-button\" data-id=\"0634426\" data-element_type=\"widget\" data-e-type=\"widget\" data-widget_type=\"button.default\">\n\t\t\t\t<div class=\"elementor-widget-container\">\n\t\t\t\t\t\t\t\t\t<div class=\"elementor-button-wrapper\">\n\t\t\t\t\t<a class=\"elementor-button elementor-button-link elementor-size-sm\" href=\"https:\/\/www.fedsigorta.com.tr\/\">\n\t\t\t\t\t\t<span class=\"elementor-button-content-wrapper\">\n\t\t\t\t\t\t\t\t\t<span class=\"elementor-button-text\">Ana Sayfa<\/span>\n\t\t\t\t\t<\/span>\n\t\t\t\t\t<\/a>\n\t\t\t\t<\/div>\n\t\t\t\t\t\t\t\t<\/div>\n\t\t\t\t<\/div>\n\t\t\t\t<div class=\"elementor-element elementor-element-b35f0dc animated-slow elementor-invisible elementor-widget elementor-widget-image\" data-id=\"b35f0dc\" data-element_type=\"widget\" data-e-type=\"widget\" data-settings=\"{&quot;_animation&quot;:&quot;rollIn&quot;}\" data-widget_type=\"image.default\">\n\t\t\t\t<div class=\"elementor-widget-container\">\n\t\t\t\t\t\t\t\t\t\t\t\t\t\t\t<img fetchpriority=\"high\" decoding=\"async\" width=\"300\" height=\"300\" src=\"https:\/\/www.fedsigorta.com.tr\/wp-content\/uploads\/2022\/07\/bes11.jpg\" class=\"attachment-large size-large wp-image-884\" alt=\"\" srcset=\"https:\/\/www.fedsigorta.com.tr\/wp-content\/uploads\/2022\/07\/bes11.jpg 300w, https:\/\/www.fedsigorta.com.tr\/wp-content\/uploads\/2022\/07\/bes11-150x150.jpg 150w, https:\/\/www.fedsigorta.com.tr\/wp-content\/uploads\/2022\/07\/bes11-100x100.jpg 100w\" sizes=\"100vw\" \/>\t\t\t\t\t\t\t\t\t\t\t\t\t\t\t<\/div>\n\t\t\t\t<\/div>\n\t\t\t\t<div class=\"elementor-element elementor-element-ded25f6 elementor-widget elementor-widget-text-editor\" data-id=\"ded25f6\" data-element_type=\"widget\" data-e-type=\"widget\" data-widget_type=\"text-editor.default\">\n\t\t\t\t<div class=\"elementor-widget-container\">\n\t\t\t\t\t\t\t\t\t<p style=\"margin: 0cm 0cm 21pt; line-height: 22.5pt; background-image: initial; background-position: initial; background-size: initial; background-repeat: initial; background-attachment: initial; background-origin: initial; background-clip: initial; vertical-align: baseline;\"><span style=\"font-size: 13.5pt; font-family: 'Avenir',serif; color: #707272;\">Bireysel Emeklilik Sistemi&#8217;ndeki planlara g\u00f6re daha d\u00fc\u015f\u00fck kesinti yap\u0131s\u0131na sahip \u00f6zel emeklilik planlar\u0131 sayesinde kurum \u00e7al\u0131\u015fanlar\u0131n\u0131z\u0131n emeklilik hayallerine kavu\u015fmas\u0131 art\u0131k \u00e7ok daha kolay!<\/span><\/p><p style=\"margin: 0cm 0cm 21pt; line-height: 22.5pt; background-image: initial; background-position: initial; background-size: initial; background-repeat: initial; background-attachment: initial; background-origin: initial; background-clip: initial; vertical-align: baseline; font-variant-numeric: inherit; font-variant-east-asian: inherit; font-stretch: inherit;\"><span style=\"font-size: 13.5pt; font-family: 'Avenir',serif; color: #707272;\">Dilerseniz, \u00e7al\u0131\u015fanlar\u0131n\u0131z\u0131 tamamen kurum katk\u0131l\u0131, kurum ve \u00e7al\u0131\u015fan<br \/>katk\u0131l\u0131 veya tamamen \u00e7al\u0131\u015fan katk\u0131l\u0131 olarak sisteme dahil edebilir ve onlar\u0131n emeklilik hayallerini grup emeklilik planlar\u0131 ile g\u00fcvence alt\u0131na alabilirsiniz.<\/span><\/p><p style=\"margin-bottom: 20.25pt; line-height: 36pt; background-image: initial; background-position: initial; background-size: initial; background-repeat: initial; background-attachment: initial; background-origin: initial; background-clip: initial;\"><span style=\"font-size: 15.0pt; font-family: 'Gilroy',serif; mso-fareast-font-family: 'Times New Roman'; mso-bidi-font-family: 'Times New Roman'; color: #0c1c8c; mso-fareast-language: TR;\">Kurumlar Vergisi<\/span><\/p><p style=\"margin-bottom: 21pt; line-height: 22.5pt; background-image: initial; background-position: initial; background-size: initial; background-repeat: initial; background-attachment: initial; background-origin: initial; background-clip: initial; vertical-align: baseline;\"><span style=\"font-size: 13.5pt; font-family: 'Avenir',serif; mso-fareast-font-family: 'Times New Roman'; mso-bidi-font-family: 'Times New Roman'; color: #707272; mso-fareast-language: TR;\">\u0130\u015fverenler taraf\u0131ndan \u00fccretliler ad\u0131na<br \/>bireysel emeklilik sistemine \u00f6denen katk\u0131 paylar\u0131, ticari kazanc\u0131n tespitinde do\u011frudan gider olarak dikkate al\u0131nabilir.<\/span><\/p><p style=\"margin-bottom: 21pt; line-height: 22.5pt; background-image: initial; background-position: initial; background-size: initial; background-repeat: initial; background-attachment: initial; background-origin: initial; background-clip: initial; vertical-align: baseline;\"><span style=\"font-size: 13.5pt; font-family: 'Avenir',serif; mso-fareast-font-family: 'Times New Roman'; mso-bidi-font-family: 'Times New Roman'; color: #707272; mso-fareast-language: TR;\">Do\u011frudan gider olarak dikkate al\u0131nabilecek tutar, \u00f6dendi\u011fi ayda \u00e7al\u0131\u015fan\u0131n elde etti\u011fi br\u00fct \u00fccretin %15&#8217;ini ve y\u0131ll\u0131k olarak asgari br\u00fct \u00fccretin y\u0131ll\u0131k tutar\u0131n\u0131 a\u015famaz.<\/span><\/p><p style=\"margin-bottom: 20.25pt; line-height: 36pt; background-image: initial; background-position: initial; background-size: initial; background-repeat: initial; background-attachment: initial; background-origin: initial; background-clip: initial; vertical-align: baseline;\"><span style=\"font-size: 15.0pt; font-family: 'Gilroy',serif; mso-fareast-font-family: 'Times New Roman'; mso-bidi-font-family: 'Times New Roman'; color: #0c1c8c; mso-fareast-language: TR;\">Devlet Katk\u0131s\u0131<\/span><\/p><p>\u00a0<\/p><p style=\"margin-bottom: 21pt; line-height: 22.5pt; background-image: initial; background-position: initial; background-size: initial; background-repeat: initial; background-attachment: initial; background-origin: initial; background-clip: initial; vertical-align: baseline;\"><span style=\"font-size: 13.5pt; font-family: 'Avenir',serif; mso-fareast-font-family: 'Times New Roman'; mso-bidi-font-family: 'Times New Roman'; color: #707272; mso-fareast-language: TR;\">Kat\u0131l\u0131mc\u0131 taraf\u0131ndan \u00f6denen katk\u0131 paylar\u0131n\u0131n %30&#8217;i oran\u0131nda devlet taraf\u0131ndan kat\u0131l\u0131mc\u0131n\u0131n emeklilik hesab\u0131na \u00f6denen tutard\u0131r. \u0130\u015fveren taraf\u0131ndan \u00f6denenler hari\u00e7, kat\u0131l\u0131mc\u0131 ad\u0131na bireysel emeklilik hesab\u0131na \u00f6denen katk\u0131 paylar\u0131n\u0131n y\u00fczde otuzuna kar\u015f\u0131l\u0131k gelen tutar<br \/>Devlet katk\u0131s\u0131na konu edilir. Devlet katk\u0131s\u0131 tutar\u0131n\u0131n hesaplanmas\u0131na esas te\u015fkil eden katk\u0131 paylar\u0131n\u0131n toplam\u0131 ilgili takvim y\u0131l\u0131na ait hesaplamaya ili\u015fkin d\u00f6nemin sona erdi\u011fi tarihte ge\u00e7erli br\u00fct asgari \u00fccretin hesaplama d\u00f6nemine isabet eden toplam tutar\u0131n\u0131 a\u015famaz.<\/span><\/p><h2 style=\"margin: 0cm 0cm 20.25pt 0cm;\"><span style=\"font-size: 19.5pt; line-height: 107%; font-family: 'Arial',sans-serif; color: #0c1c8c;\">Vesting (Hak Edi\u015f S\u00fcresi) Nedir?<\/span><\/h2><p style=\"margin: 0cm 0cm 21pt; line-height: 22.5pt; vertical-align: baseline; font-variant-numeric: inherit; font-variant-east-asian: inherit; font-stretch: inherit;\"><span style=\"font-size: 13.5pt; font-family: 'Avenir',serif; color: #707272;\">Vesting uygulamas\u0131, kurum katk\u0131l\u0131 olarak sisteme giren \u00e7al\u0131\u015fanlar\u0131n i\u015fverenler taraf\u0131ndan \u00f6denen katk\u0131 paylar\u0131n\u0131n tamam\u0131n\u0131 ancak belirlenen hak edi\u015f s\u00fcresi kapsam\u0131nda hak edebilmesidir. \u0130\u015fveren grup emeklilik s\u00f6zle\u015fmesine, i\u015fveren taraf\u0131ndan \u00f6denen katk\u0131 paylar\u0131 ile bunlar\u0131n getirilerinin tamam\u0131na kat\u0131l\u0131mc\u0131 taraf\u0131ndan hak kazan\u0131labilmesi i\u00e7in azami yedi y\u0131la kadar hak kazanma s\u00fcresi ko\u015fulu konulabilir.<\/span><\/p><p style=\"margin: 0cm 0cm 21pt; line-height: 22.5pt; vertical-align: baseline; font-variant-numeric: inherit; font-variant-east-asian: inherit; font-stretch: inherit;\"><span style=\"font-size: 13.5pt; font-family: 'Avenir',serif; color: #707272;\">\u00a0<\/span><\/p>\t\t\t\t\t\t\t\t<\/div>\n\t\t\t\t<\/div>\n\t\t\t\t<div class=\"elementor-element elementor-element-f3baec8 elementor-widget elementor-widget-button\" data-id=\"f3baec8\" data-element_type=\"widget\" data-e-type=\"widget\" data-widget_type=\"button.default\">\n\t\t\t\t<div class=\"elementor-widget-container\">\n\t\t\t\t\t\t\t\t\t<div class=\"elementor-button-wrapper\">\n\t\t\t\t\t<a class=\"elementor-button elementor-button-link elementor-size-sm\" href=\"https:\/\/www.fedsigorta.com.tr\/?page_id=8\">\n\t\t\t\t\t\t<span class=\"elementor-button-content-wrapper\">\n\t\t\t\t\t\t\t\t\t<span class=\"elementor-button-text\">Finansal Dan\u0131\u015fmal\u0131k Hizmeti \u0130\u00e7in \u0130leti\u015fime Ge\u00e7in<\/span>\n\t\t\t\t\t<\/span>\n\t\t\t\t\t<\/a>\n\t\t\t\t<\/div>\n\t\t\t\t\t\t\t\t<\/div>\n\t\t\t\t<\/div>\n\t\t\t\t\t<\/div>\n\t\t<\/div>\n\t\t\t\t\t<\/div>\n\t\t<\/section>\n\t\t\t\t<\/div>\n\t\t","protected":false},"excerpt":{"rendered":"<p>Ana Sayfa Bireysel Emeklilik Sistemi&#8217;ndeki planlara g\u00f6re daha d\u00fc\u015f\u00fck kesinti yap\u0131s\u0131na sahip \u00f6zel emeklilik planlar\u0131 sayesinde kurum \u00e7al\u0131\u015fanlar\u0131n\u0131z\u0131n emeklilik hayallerine kavu\u015fmas\u0131 art\u0131k \u00e7ok daha kolay! Dilerseniz, \u00e7al\u0131\u015fanlar\u0131n\u0131z\u0131 tamamen kurum katk\u0131l\u0131, kurum ve \u00e7al\u0131\u015fankatk\u0131l\u0131 veya tamamen \u00e7al\u0131\u015fan katk\u0131l\u0131 olarak sisteme dahil edebilir ve onlar\u0131n emeklilik hayallerini grup emeklilik planlar\u0131 ile g\u00fcvence alt\u0131na alabilirsiniz. Kurumlar Vergisi \u0130\u015fverenler &hellip; <\/p>\n<p class=\"link-more\"><a href=\"https:\/\/www.fedsigorta.com.tr\/?page_id=314\" class=\"more-link\">Okumaya devam et<span class=\"screen-reader-text\"> &#8220;Kurumsal Emeklilik&#8221;<\/span><\/a><\/p>\n","protected":false},"author":1,"featured_media":0,"parent":0,"menu_order":0,"comment_status":"closed","ping_status":"closed","template":"elementor_canvas","meta":{"footnotes":""},"class_list":["post-314","page","type-page","status-publish","hentry"],"_links":{"self":[{"href":"https:\/\/www.fedsigorta.com.tr\/index.php?rest_route=\/wp\/v2\/pages\/314","targetHints":{"allow":["GET"]}}],"collection":[{"href":"https:\/\/www.fedsigorta.com.tr\/index.php?rest_route=\/wp\/v2\/pages"}],"about":[{"href":"https:\/\/www.fedsigorta.com.tr\/index.php?rest_route=\/wp\/v2\/types\/page"}],"author":[{"embeddable":true,"href":"https:\/\/www.fedsigorta.com.tr\/index.php?rest_route=\/wp\/v2\/users\/1"}],"replies":[{"embeddable":true,"href":"https:\/\/www.fedsigorta.com.tr\/index.php?rest_route=%2Fwp%2Fv2%2Fcomments&post=314"}],"version-history":[{"count":26,"href":"https:\/\/www.fedsigorta.com.tr\/index.php?rest_route=\/wp\/v2\/pages\/314\/revisions"}],"predecessor-version":[{"id":1120,"href":"https:\/\/www.fedsigorta.com.tr\/index.php?rest_route=\/wp\/v2\/pages\/314\/revisions\/1120"}],"wp:attachment":[{"href":"https:\/\/www.fedsigorta.com.tr\/index.php?rest_route=%2Fwp%2Fv2%2Fmedia&parent=314"}],"curies":[{"name":"wp","href":"https:\/\/api.w.org\/{rel}","templated":true}]}}