{"id":321,"date":"2019-08-10T22:42:59","date_gmt":"2019-08-10T19:42:59","guid":{"rendered":"https:\/\/fedsigorta.com\/?page_id=321"},"modified":"2022-08-03T14:09:17","modified_gmt":"2022-08-03T11:09:17","slug":"kurumsal-hayat","status":"publish","type":"page","link":"https:\/\/www.fedsigorta.com.tr\/?page_id=321","title":{"rendered":"Kurumsal Hayat"},"content":{"rendered":"\t\t<div data-elementor-type=\"wp-page\" data-elementor-id=\"321\" class=\"elementor elementor-321\">\n\t\t\t\t\t\t<section class=\"elementor-section elementor-top-section elementor-element elementor-element-fc0d2bd elementor-section-boxed elementor-section-height-default elementor-section-height-default\" data-id=\"fc0d2bd\" data-element_type=\"section\" data-e-type=\"section\">\n\t\t\t\t\t\t<div class=\"elementor-container elementor-column-gap-default\">\n\t\t\t\t\t<div class=\"elementor-column elementor-col-100 elementor-top-column elementor-element elementor-element-48d4b6d5\" data-id=\"48d4b6d5\" data-element_type=\"column\" data-e-type=\"column\">\n\t\t\t<div class=\"elementor-widget-wrap elementor-element-populated\">\n\t\t\t\t\t\t<div class=\"elementor-element elementor-element-3bddbef elementor-widget elementor-widget-button\" data-id=\"3bddbef\" data-element_type=\"widget\" data-e-type=\"widget\" data-widget_type=\"button.default\">\n\t\t\t\t<div class=\"elementor-widget-container\">\n\t\t\t\t\t\t\t\t\t<div class=\"elementor-button-wrapper\">\n\t\t\t\t\t<a class=\"elementor-button elementor-button-link elementor-size-sm\" href=\"https:\/\/www.fedsigorta.com.tr\/\">\n\t\t\t\t\t\t<span class=\"elementor-button-content-wrapper\">\n\t\t\t\t\t\t\t\t\t<span class=\"elementor-button-text\">Ana Sayfa<\/span>\n\t\t\t\t\t<\/span>\n\t\t\t\t\t<\/a>\n\t\t\t\t<\/div>\n\t\t\t\t\t\t\t\t<\/div>\n\t\t\t\t<\/div>\n\t\t\t\t<div class=\"elementor-element elementor-element-66886e1 animated-slow elementor-invisible elementor-widget elementor-widget-image\" data-id=\"66886e1\" data-element_type=\"widget\" data-e-type=\"widget\" data-settings=\"{&quot;_animation&quot;:&quot;rollIn&quot;}\" data-widget_type=\"image.default\">\n\t\t\t\t<div class=\"elementor-widget-container\">\n\t\t\t\t\t\t\t\t\t\t\t\t\t\t\t<img fetchpriority=\"high\" decoding=\"async\" width=\"300\" height=\"300\" src=\"https:\/\/www.fedsigorta.com.tr\/wp-content\/uploads\/2022\/07\/saglik-3.jpg\" class=\"attachment-large size-large wp-image-890\" alt=\"\" srcset=\"https:\/\/www.fedsigorta.com.tr\/wp-content\/uploads\/2022\/07\/saglik-3.jpg 300w, https:\/\/www.fedsigorta.com.tr\/wp-content\/uploads\/2022\/07\/saglik-3-150x150.jpg 150w, https:\/\/www.fedsigorta.com.tr\/wp-content\/uploads\/2022\/07\/saglik-3-100x100.jpg 100w\" sizes=\"100vw\" \/>\t\t\t\t\t\t\t\t\t\t\t\t\t\t\t<\/div>\n\t\t\t\t<\/div>\n\t\t\t\t<div class=\"elementor-element elementor-element-22a9e3 elementor-widget elementor-widget-text-editor\" data-id=\"22a9e3\" data-element_type=\"widget\" data-e-type=\"widget\" data-widget_type=\"text-editor.default\">\n\t\t\t\t<div class=\"elementor-widget-container\">\n\t\t\t\t\t\t\t\t\t\n<p>Grup Hayat Sigortas\u0131, \u015firketinizin \u00e7al\u0131\u015fanlar\u0131n\u0131 ve ailelerini, \u00e7al\u0131\u015ft\u0131klar\u0131 d\u00f6nemde olu\u015fabilecek risklere kar\u015f\u0131 g\u00fcvence alt\u0131na alan, ya\u015fam standartlar\u0131n\u0131 korumay\u0131 ama\u00e7layan, avantajl\u0131 bir hayat sigortas\u0131d\u0131r.<\/p>\n\n\n\n<h2 class=\"wp-block-heading\">Vefat Teminat\u0131<\/h2>\n\n\n\n<p>Sigortal\u0131n\u0131n poli\u00e7e s\u00fcresi i\u00e7erisinde ve poli\u00e7ede belirlenen \u015fartlar dahilinde vefat etmesi durumunda poli\u00e7ede belirtilen lehdarlarla \u00f6denen bir teminatt\u0131r.<\/p>\n\n\n\n<h2 class=\"wp-block-heading\">Kaza Sonucu Vefat Teminat\u0131<\/h2>\n\n\n\n<p>Kaza nedeniyle sigortal\u0131n\u0131n vefat etmesi halinde sa\u011flanan ferdi kaza sigortas\u0131 teminat\u0131d\u0131r.<\/p>\n\n\n\n<h2 class=\"wp-block-heading\">Kaza Sonucu Maluliyet Teminat\u0131<\/h2>\n\n\n\n<p>Sigortal\u0131n\u0131n poli\u00e7e s\u00fcresi i\u00e7erisinde ve poli\u00e7ede belirlenen \u015fartlar dahilinde, herhangi bir kaza sonucu s\u00fcrekli tam malul kalmas\u0131 halinde kazan\u0131lan bir teminatt\u0131r. S\u00fcrekli k\u0131smi maluliyet halinde ise \u00f6denecek tazminat, sigorta bedeli ile maluliyet oran\u0131 \u00e7arp\u0131larak hesaplan\u0131r.<\/p>\n\n\n\n<h2 class=\"wp-block-heading\">Hastal\u0131k Sonucu Maluliyet Teminat\u0131<\/h2>\n\n\n\n<p>Sigortal\u0131n\u0131n poli\u00e7e s\u00fcresi i\u00e7erisinde ve poli\u00e7ede belirlenen \u015fartlar dahilinde, ister mesleki, ister meslek harici olsun bir hastal\u0131k neticesinde daimi ve k\u0131smi maluliyeti halinde, maluliyet derecesine g\u00f6re \u00f6denen tazminatt\u0131r. Yine bir hastal\u0131k sonucu meydana gelebilecek tam ve daimi maluliyeti halinde, poli\u00e7ede belirtilen limit dahilinde tazminat \u00f6denir.<\/p>\n\n\n\n<h2 class=\"wp-block-heading\">Kaza Sonucu Tedavi Masraflar\u0131 Teminat\u0131<\/h2>\n\n\n\n<p>Herhangi bir kaza sonucu olu\u015fabilecek t\u0131bbi bak\u0131m giderlerini kar\u015f\u0131lamak i\u00e7in d\u00fczenlenmi\u015f bir teminatt\u0131r. Kaza Tedavi Giderleri Teminat\u0131, hastane i\u00e7i ve hastane d\u0131\u015f\u0131 makul ve ola\u011fan t\u00fcm giderleri, teminat limitleri dahilinde ve fatura kar\u015f\u0131l\u0131\u011f\u0131 olarak temin eder.<\/p>\n\n\n\n<h2 class=\"wp-block-heading\">Toplu Ta\u015f\u0131ma Ara\u00e7lar\u0131nda Kaza Sonucu Vefat Teminat\u0131<\/h2>\n\n\n\n<p>Sigortal\u0131n\u0131n, sigorta s\u00fcresi i\u00e7erisinde toplu ta\u015f\u0131ma ara\u00e7lar\u0131nda herhangi bir kaza sonucu ya\u015fam\u0131n\u0131 kaybetmesi halinde poli\u00e7ede belirtilen lehdarlara \u00f6denen bir teminatt\u0131r.<\/p>\n\n\n\n<h2 class=\"wp-block-heading\">Tehlikeli Hastal\u0131klar Teminat\u0131<\/h2>\n\n\n\n<p>Sigorta s\u00fcresi i\u00e7erisinde riziko ger\u00e7ekle\u015fti\u011finde, poli\u00e7e \u00fczerinde belirtilen teminat tutar\u0131, poli\u00e7e \u00f6zel \u015fartlar\u0131, Hayat Sigortas\u0131 Genel \u015eartlar\u0131 ve Ferdi Kaza Sigortas\u0131 Genel \u015eartlar\u0131 \u00e7er\u00e7evesinde sigortal\u0131ya \u00f6denen teminatt\u0131r. Teminat\u0131n ba\u015flamas\u0131 poli\u00e7enin ba\u015flang\u0131\u00e7 tarihinden itibaren 90 g\u00fcn sonrad\u0131r.<\/p>\n\t\t\t\t\t\t\t\t<\/div>\n\t\t\t\t<\/div>\n\t\t\t\t<div class=\"elementor-element elementor-element-839448a elementor-widget elementor-widget-button\" data-id=\"839448a\" data-element_type=\"widget\" data-e-type=\"widget\" data-widget_type=\"button.default\">\n\t\t\t\t<div class=\"elementor-widget-container\">\n\t\t\t\t\t\t\t\t\t<div class=\"elementor-button-wrapper\">\n\t\t\t\t\t<a class=\"elementor-button elementor-button-link elementor-size-sm\" href=\"https:\/\/www.fedsigorta.com.tr\/?page_id=8\">\n\t\t\t\t\t\t<span class=\"elementor-button-content-wrapper\">\n\t\t\t\t\t\t\t\t\t<span class=\"elementor-button-text\">Finansal Dan\u0131\u015fmal\u0131k Hizmeti \u0130\u00e7in \u0130leti\u015fime Ge\u00e7in<\/span>\n\t\t\t\t\t<\/span>\n\t\t\t\t\t<\/a>\n\t\t\t\t<\/div>\n\t\t\t\t\t\t\t\t<\/div>\n\t\t\t\t<\/div>\n\t\t\t\t\t<\/div>\n\t\t<\/div>\n\t\t\t\t\t<\/div>\n\t\t<\/section>\n\t\t\t\t<\/div>\n\t\t","protected":false},"excerpt":{"rendered":"<p>Ana Sayfa Grup Hayat Sigortas\u0131, \u015firketinizin \u00e7al\u0131\u015fanlar\u0131n\u0131 ve ailelerini, \u00e7al\u0131\u015ft\u0131klar\u0131 d\u00f6nemde olu\u015fabilecek risklere kar\u015f\u0131 g\u00fcvence alt\u0131na alan, ya\u015fam standartlar\u0131n\u0131 korumay\u0131 ama\u00e7layan, avantajl\u0131 bir hayat sigortas\u0131d\u0131r. Vefat Teminat\u0131 Sigortal\u0131n\u0131n poli\u00e7e s\u00fcresi i\u00e7erisinde ve poli\u00e7ede belirlenen \u015fartlar dahilinde vefat etmesi durumunda poli\u00e7ede belirtilen lehdarlarla \u00f6denen bir teminatt\u0131r. Kaza Sonucu Vefat Teminat\u0131 Kaza nedeniyle sigortal\u0131n\u0131n vefat etmesi halinde &hellip; <\/p>\n<p class=\"link-more\"><a href=\"https:\/\/www.fedsigorta.com.tr\/?page_id=321\" class=\"more-link\">Okumaya devam et<span class=\"screen-reader-text\"> &#8220;Kurumsal Hayat&#8221;<\/span><\/a><\/p>\n","protected":false},"author":1,"featured_media":0,"parent":0,"menu_order":0,"comment_status":"closed","ping_status":"closed","template":"elementor_canvas","meta":{"footnotes":""},"class_list":["post-321","page","type-page","status-publish","hentry"],"_links":{"self":[{"href":"https:\/\/www.fedsigorta.com.tr\/index.php?rest_route=\/wp\/v2\/pages\/321","targetHints":{"allow":["GET"]}}],"collection":[{"href":"https:\/\/www.fedsigorta.com.tr\/index.php?rest_route=\/wp\/v2\/pages"}],"about":[{"href":"https:\/\/www.fedsigorta.com.tr\/index.php?rest_route=\/wp\/v2\/types\/page"}],"author":[{"embeddable":true,"href":"https:\/\/www.fedsigorta.com.tr\/index.php?rest_route=\/wp\/v2\/users\/1"}],"replies":[{"embeddable":true,"href":"https:\/\/www.fedsigorta.com.tr\/index.php?rest_route=%2Fwp%2Fv2%2Fcomments&post=321"}],"version-history":[{"count":20,"href":"https:\/\/www.fedsigorta.com.tr\/index.php?rest_route=\/wp\/v2\/pages\/321\/revisions"}],"predecessor-version":[{"id":1110,"href":"https:\/\/www.fedsigorta.com.tr\/index.php?rest_route=\/wp\/v2\/pages\/321\/revisions\/1110"}],"wp:attachment":[{"href":"https:\/\/www.fedsigorta.com.tr\/index.php?rest_route=%2Fwp%2Fv2%2Fmedia&parent=321"}],"curies":[{"name":"wp","href":"https:\/\/api.w.org\/{rel}","templated":true}]}}