{"id":327,"date":"2019-08-10T22:44:53","date_gmt":"2019-08-10T19:44:53","guid":{"rendered":"https:\/\/fedsigorta.com\/?page_id=327"},"modified":"2022-08-03T13:56:07","modified_gmt":"2022-08-03T10:56:07","slug":"kurumsal-saglik","status":"publish","type":"page","link":"https:\/\/www.fedsigorta.com.tr\/?page_id=327","title":{"rendered":"Kurumsal Sa\u011fl\u0131k"},"content":{"rendered":"\t\t<div data-elementor-type=\"wp-page\" data-elementor-id=\"327\" class=\"elementor elementor-327\">\n\t\t\t\t\t\t<section class=\"elementor-section elementor-top-section elementor-element elementor-element-25049dbb elementor-section-boxed elementor-section-height-default elementor-section-height-default\" data-id=\"25049dbb\" data-element_type=\"section\" data-e-type=\"section\">\n\t\t\t\t\t\t<div class=\"elementor-container elementor-column-gap-default\">\n\t\t\t\t\t<div class=\"elementor-column elementor-col-100 elementor-top-column elementor-element elementor-element-71b0cd32\" data-id=\"71b0cd32\" data-element_type=\"column\" data-e-type=\"column\">\n\t\t\t<div class=\"elementor-widget-wrap elementor-element-populated\">\n\t\t\t\t\t\t<div class=\"elementor-element elementor-element-e847722 elementor-widget elementor-widget-button\" data-id=\"e847722\" data-element_type=\"widget\" data-e-type=\"widget\" data-widget_type=\"button.default\">\n\t\t\t\t<div class=\"elementor-widget-container\">\n\t\t\t\t\t\t\t\t\t<div class=\"elementor-button-wrapper\">\n\t\t\t\t\t<a class=\"elementor-button elementor-button-link elementor-size-sm\" href=\"https:\/\/www.fedsigorta.com.tr\/\">\n\t\t\t\t\t\t<span class=\"elementor-button-content-wrapper\">\n\t\t\t\t\t\t\t\t\t<span class=\"elementor-button-text\">Ana Sayfa<\/span>\n\t\t\t\t\t<\/span>\n\t\t\t\t\t<\/a>\n\t\t\t\t<\/div>\n\t\t\t\t\t\t\t\t<\/div>\n\t\t\t\t<\/div>\n\t\t\t\t<div class=\"elementor-element elementor-element-6aa5847 elementor-widget elementor-widget-image\" data-id=\"6aa5847\" data-element_type=\"widget\" data-e-type=\"widget\" data-widget_type=\"image.default\">\n\t\t\t\t<div class=\"elementor-widget-container\">\n\t\t\t\t\t\t\t\t\t\t\t\t\t\t\t<img fetchpriority=\"high\" decoding=\"async\" width=\"300\" height=\"300\" src=\"https:\/\/www.fedsigorta.com.tr\/wp-content\/uploads\/2022\/07\/saglik-2.jpg\" class=\"attachment-large size-large wp-image-889\" alt=\"\" srcset=\"https:\/\/www.fedsigorta.com.tr\/wp-content\/uploads\/2022\/07\/saglik-2.jpg 300w, https:\/\/www.fedsigorta.com.tr\/wp-content\/uploads\/2022\/07\/saglik-2-150x150.jpg 150w, https:\/\/www.fedsigorta.com.tr\/wp-content\/uploads\/2022\/07\/saglik-2-100x100.jpg 100w\" sizes=\"100vw\" \/>\t\t\t\t\t\t\t\t\t\t\t\t\t\t\t<\/div>\n\t\t\t\t<\/div>\n\t\t\t\t<div class=\"elementor-element elementor-element-6e6b4ac5 elementor-widget elementor-widget-text-editor\" data-id=\"6e6b4ac5\" data-element_type=\"widget\" data-e-type=\"widget\" data-widget_type=\"text-editor.default\">\n\t\t\t\t<div class=\"elementor-widget-container\">\n\t\t\t\t\t\t\t\t\t<p><\/p>\n<p>Grup Sa\u011fl\u0131k Sigortas\u0131&#8217;n\u0131n;<\/p>\n<p><\/p>\n<p><\/p>\n<p><strong>Kurumlara:<\/strong><\/p>\n<p><\/p>\n<p><\/p>\n<ul class=\"wp-block-list\">\n<li>Vergi avantaj\u0131 elde etmesi,<\/li>\n<li>\u00c7al\u0131\u015fanlar\u0131na sa\u011flad\u0131\u011f\u0131 hizmetlerle prestijini artt\u0131rmas\u0131, \u00e7al\u0131\u015fanlar\u0131na tercih edilir bir \u00e7al\u0131\u015fma ortam\u0131 sa\u011flamas\u0131,<\/li>\n<\/ul>\n<p><\/p>\n<p><\/p>\n<p><strong>\u00c7al\u0131\u015fanlar\u0131na:<\/strong><\/p>\n<p><\/p>\n<p><\/p>\n<ul class=\"wp-block-list\">\n<li>\u015eirkete ba\u011fl\u0131l\u0131\u011f\u0131n\u0131n artmas\u0131,<\/li>\n<li>Kendisini daha de\u011ferli ve \u015firketin uzun vadeli planlar\u0131 i\u00e7inde hissetmesi,<\/li>\n<li>Kaliteli ve h\u0131zl\u0131 sa\u011fl\u0131k hizmeti ile \u00e7al\u0131\u015fan\u0131n asli g\u00f6revlerinde olas\u0131 zaman kay\u0131plar\u0131n\u0131n engellenmesi,<\/li>\n<li>Kendisini g\u00fcvende hissetmesi ve bunu performans\u0131na yans\u0131tmas\u0131, konular\u0131nda avantaj ve fayda sa\u011flamas\u0131 olas\u0131d\u0131r. En az 20 personelin kat\u0131l\u0131m\u0131yla olu\u015fan Grup Sa\u011fl\u0131k Sigortas\u0131 ile kurumlar, istedikleri teminatlar\u0131 ve limitleri belirleyerek, tercihlerine g\u00f6re yatarak veya ayakta tedavi giderlerini sigorta g\u00fcvencesi alt\u0131na alabilirler. \u00c7al\u0131\u015fanlara ek olarak, \u00e7al\u0131\u015fanlar\u0131n e\u015f ve \u00e7ocuklar\u0131 da ayn\u0131 ya da benzer avantajlardan faydalanabilirler.<\/li>\n<\/ul>\n<p><\/p>\t\t\t\t\t\t\t\t<\/div>\n\t\t\t\t<\/div>\n\t\t\t\t<div class=\"elementor-element elementor-element-10349be elementor-widget elementor-widget-button\" data-id=\"10349be\" data-element_type=\"widget\" data-e-type=\"widget\" data-widget_type=\"button.default\">\n\t\t\t\t<div class=\"elementor-widget-container\">\n\t\t\t\t\t\t\t\t\t<div class=\"elementor-button-wrapper\">\n\t\t\t\t\t<a class=\"elementor-button elementor-button-link elementor-size-sm\" href=\"https:\/\/www.fedsigorta.com.tr\/?page_id=8\">\n\t\t\t\t\t\t<span class=\"elementor-button-content-wrapper\">\n\t\t\t\t\t\t\t\t\t<span class=\"elementor-button-text\">Finansal Dan\u0131\u015fmal\u0131k Hizmeti \u0130\u00e7in \u0130leti\u015fime Ge\u00e7in<\/span>\n\t\t\t\t\t<\/span>\n\t\t\t\t\t<\/a>\n\t\t\t\t<\/div>\n\t\t\t\t\t\t\t\t<\/div>\n\t\t\t\t<\/div>\n\t\t\t\t\t<\/div>\n\t\t<\/div>\n\t\t\t\t\t<\/div>\n\t\t<\/section>\n\t\t\t\t<\/div>\n\t\t","protected":false},"excerpt":{"rendered":"<p>Ana Sayfa Grup Sa\u011fl\u0131k Sigortas\u0131&#8217;n\u0131n; Kurumlara: Vergi avantaj\u0131 elde etmesi, \u00c7al\u0131\u015fanlar\u0131na sa\u011flad\u0131\u011f\u0131 hizmetlerle prestijini artt\u0131rmas\u0131, \u00e7al\u0131\u015fanlar\u0131na tercih edilir bir \u00e7al\u0131\u015fma ortam\u0131 sa\u011flamas\u0131, \u00c7al\u0131\u015fanlar\u0131na: \u015eirkete ba\u011fl\u0131l\u0131\u011f\u0131n\u0131n artmas\u0131, Kendisini daha de\u011ferli ve \u015firketin uzun vadeli planlar\u0131 i\u00e7inde hissetmesi, Kaliteli ve h\u0131zl\u0131 sa\u011fl\u0131k hizmeti ile \u00e7al\u0131\u015fan\u0131n asli g\u00f6revlerinde olas\u0131 zaman kay\u0131plar\u0131n\u0131n engellenmesi, Kendisini g\u00fcvende hissetmesi ve bunu performans\u0131na &hellip; <\/p>\n<p class=\"link-more\"><a href=\"https:\/\/www.fedsigorta.com.tr\/?page_id=327\" class=\"more-link\">Okumaya devam et<span class=\"screen-reader-text\"> &#8220;Kurumsal Sa\u011fl\u0131k&#8221;<\/span><\/a><\/p>\n","protected":false},"author":1,"featured_media":0,"parent":0,"menu_order":0,"comment_status":"closed","ping_status":"closed","template":"elementor_canvas","meta":{"footnotes":""},"class_list":["post-327","page","type-page","status-publish","hentry"],"_links":{"self":[{"href":"https:\/\/www.fedsigorta.com.tr\/index.php?rest_route=\/wp\/v2\/pages\/327","targetHints":{"allow":["GET"]}}],"collection":[{"href":"https:\/\/www.fedsigorta.com.tr\/index.php?rest_route=\/wp\/v2\/pages"}],"about":[{"href":"https:\/\/www.fedsigorta.com.tr\/index.php?rest_route=\/wp\/v2\/types\/page"}],"author":[{"embeddable":true,"href":"https:\/\/www.fedsigorta.com.tr\/index.php?rest_route=\/wp\/v2\/users\/1"}],"replies":[{"embeddable":true,"href":"https:\/\/www.fedsigorta.com.tr\/index.php?rest_route=%2Fwp%2Fv2%2Fcomments&post=327"}],"version-history":[{"count":8,"href":"https:\/\/www.fedsigorta.com.tr\/index.php?rest_route=\/wp\/v2\/pages\/327\/revisions"}],"predecessor-version":[{"id":1093,"href":"https:\/\/www.fedsigorta.com.tr\/index.php?rest_route=\/wp\/v2\/pages\/327\/revisions\/1093"}],"wp:attachment":[{"href":"https:\/\/www.fedsigorta.com.tr\/index.php?rest_route=%2Fwp%2Fv2%2Fmedia&parent=327"}],"curies":[{"name":"wp","href":"https:\/\/api.w.org\/{rel}","templated":true}]}}